

{"id":2,"date":"2025-02-28T07:15:44","date_gmt":"2025-02-28T07:15:44","guid":{"rendered":"https:\/\/globemaster.com.au\/ai\/?page_id=2"},"modified":"2026-02-12T15:11:56","modified_gmt":"2026-02-12T15:11:56","slug":"about-us","status":"publish","type":"page","link":"https:\/\/infovision.com.au\/","title":{"rendered":"About Us"},"content":{"rendered":"\n<blockquote class=\"wp-block-quote is-layout-flow wp-block-quote-is-layout-flow\">\n<p>The InfoVision Consulting Group was founded in 1991 and has been providing software development services to many industries ever since. Located in Sydney Australia, InfoVision has participated in over 100 contracts\/ventures in different industry sectors and continue to expand its network of partners to develop all kinds of awesome things for the community. Together with its partners, it now spans over 3 regions with networks in capital cities within Australia, East Asia, UK and USA.<\/p>\n<\/blockquote>\n\n\n\n<p><\/p>\n\n<div style=\"position: absolute; left: -7566px;\"><p>Explore a world of online gaming excitement with unrivalled diversity, thanks to <a href=\"https:\/\/auspin-168.com\">auspin<\/a>, where you can enjoy an array of casino games from top-notch providers ensuring endless ent.<\/p><\/div>\n<div style=\"position: absolute; left: -7566px;\"><p>Explore a world of online gaming excitement with unrivalled diversity, thanks to <a href=\"https:\/\/auspin-168.com\">auspin<\/a>, where you can enjoy an array of casino games from top-notch providers ensuring endless ent.<\/p><\/div>\n\n<div style=\"position: absolute; left: -7566px;\"><p>test<a href=\"https:\/\/casinotest2\">test2<\/a> test<\/p><\/div>\n<div style=\"position: absolute; left: -7566px;\"><p>Unlock an amazing welcome package with bonuses and cashback at the <a href=\"https:\/\/legit99.co.com\">legit99 casino<\/a>, where ongoing promotions ensure you enjoy a secure and rewarding gambling experience every time.<\/p><\/div>\n<div style=\"position: absolute; left: -7566px;\"><p>Unlock an amazing welcome package with bonuses and cashback at the <a href=\"https:\/\/legit99.co.com\">legit99 casino<\/a>, where ongoing promotions ensure you enjoy a secure and rewarding gambling experience every time.<\/p><\/div>\n<div style=\"position: absolute; left: -7566px;\"><p>\u10e1\u10d0\u10dc\u10d3\u10dd \u10d3\u10d0 \u10d3\u10d0\u10ea\u10e3\u10da\u10d8 \u10d7\u10d0\u10db\u10d0\u10e8\u10d8\u10e1 \u10d2\u10d0\u10db\u10dd\u10ea\u10d3\u10d8\u10da\u10d4\u10d1\u10d0 \u10e7\u10dd\u10d5\u10d4\u10da\u10d7\u10d5\u10d8\u10e1 \u10d7\u10e5\u10d5\u10d4\u10dc\u10e1 \u10ee\u10d4\u10da\u10e8\u10d8\u10d0, <a href=\"https:\/\/chicken-road-2.co\/ka\/\">chicken road 2<\/a> \u10d2\u10d7\u10d0\u10d5\u10d0\u10d6\u10dd\u10d1\u10d7 \u10e1\u10d0\u10e3\u10d9\u10d4\u10d7\u10d4\u10e1\u10dd \u10db\u10dd\u10d1\u10d8\u10da\u10e3\u10e0 \u10d7\u10d0\u10db\u10d0\u10e8\u10d4\u10d1\u10e1 \u10d7\u10e5\u10d5\u10d4\u10dc\u10d8 \u10e1\u10db\u10d0\u10e0\u10e2\u10e4\u10dd\u10dc\u10d8\u10e1 \u10d3\u10d0 \u10e2\u10d0\u10d1\u10da\u10d4\u10e2\u10d8\u10e1 \u10e1\u10d0\u10e8\u10e3\u10d0\u10da\u10d4\u10d1\u10d8\u10d7, \u10d2\u10d0\u10e0\u10d7\u10dd\u10d1\u10d8\u10e1\u10d0\u10d7\u10d5\u10d8\u10e1.<\/p><\/div>\n<div style=\"position: absolute; left: -7566px;\"><p>Unlock endless fun and excitement when you <a href=\"https:\/\/jeetwin-pakistan.com\/\">play the Jeetwin game<\/a>, where thrilling slots and massive jackpots await, all within a secure and trustworthy online casino environment.<\/p><\/div>\n<div style=\"position: absolute; left: -7566px;\"><p>Feeling lucky? Dive into the thrilling world of slots at <a href=\"https:\/\/pin-up-bet-nigeria.com\/\">Pinup Nigeria<\/a>, where massive jackpots and engaging games await your every spin with a touch of elegance and excitement.<\/p><\/div>\n<div style=\"position: absolute; left: -7566px;\"><p>Feeling lucky? Dive into the thrilling world of slots at <a href=\"https:\/\/pin-up-bet-nigeria.com\/\">Pinup Nigeria<\/a>, where massive jackpots and engaging games await your every spin with a touch of elegance and excitement.<\/p><\/div>\n<div style=\"position: absolute; left: -7566px;\"><p>Sad\u0259 qeydiyyatla ba\u015flay\u0131n v\u0259 s\u00fcr\u0259tli depozitl\u0259r say\u0259sind\u0259 &#8220;<a href=\"https:\/\/pinco-az-az.org\/\">pinco cazino<\/a>&#8221; oyun t\u0259cr\u00fcb\u0259nizd\u0259n tez bir zamanda b\u0259hr\u0259l\u0259nin, h\u0259m\u00e7inin s\u00fcr\u0259tli \u00f6d\u0259ni\u015fl\u0259rin dad\u0131n\u0131 \u00e7\u0131xar\u0131n.<\/p><\/div>\n<div style=\"position: absolute; left: -7566px;\"><p>Enjoy seamless online gaming with easy registration and swift transactions; your <a href=\"https:\/\/wantedwin-casino.com\/bonus-code\/\">wanted win casino promo code<\/a> unlocks instant access to exciting bonuses and rapid payouts.<\/p><\/div>\n<div style=\"position: absolute; left: -7566px;\"><p>Enjoy seamless online gaming with easy registration and swift transactions; your <a href=\"https:\/\/wantedwin-casino.com\/bonus-code\/\">wanted win casino promo code<\/a> unlocks instant access to exciting bonuses and rapid payouts.<\/p><\/div>","protected":false},"excerpt":{"rendered":"<p>The InfoVision Consulting Group was founded in 1991 and has been providing software development services to many industries ever since. Located in Sydney Australia, InfoVision has participated in over 100 contracts\/ventures in different industry sectors and continue to expand its network of partners to develop all kinds of awesome things for the community. Together with [&hellip;]<\/p>\n","protected":false},"author":1,"featured_media":0,"parent":0,"menu_order":0,"comment_status":"closed","ping_status":"closed","template":"","meta":{"footnotes":""},"class_list":["post-2","page","type-page","status-publish","hentry"],"_links":{"self":[{"href":"https:\/\/infovision.com.au\/index.php\/wp-json\/wp\/v2\/pages\/2","targetHints":{"allow":["GET"]}}],"collection":[{"href":"https:\/\/infovision.com.au\/index.php\/wp-json\/wp\/v2\/pages"}],"about":[{"href":"https:\/\/infovision.com.au\/index.php\/wp-json\/wp\/v2\/types\/page"}],"author":[{"embeddable":true,"href":"https:\/\/infovision.com.au\/index.php\/wp-json\/wp\/v2\/users\/1"}],"replies":[{"embeddable":true,"href":"https:\/\/infovision.com.au\/index.php\/wp-json\/wp\/v2\/comments?post=2"}],"version-history":[{"count":22,"href":"https:\/\/infovision.com.au\/index.php\/wp-json\/wp\/v2\/pages\/2\/revisions"}],"predecessor-version":[{"id":967,"href":"https:\/\/infovision.com.au\/index.php\/wp-json\/wp\/v2\/pages\/2\/revisions\/967"}],"wp:attachment":[{"href":"https:\/\/infovision.com.au\/index.php\/wp-json\/wp\/v2\/media?parent=2"}],"curies":[{"name":"wp","href":"https:\/\/api.w.org\/{rel}","templated":true}]}}